{"id":396,"date":"2025-09-15T21:50:14","date_gmt":"2025-09-15T19:50:14","guid":{"rendered":"https:\/\/4nurty.pl\/?page_id=396"},"modified":"2026-01-24T05:31:41","modified_gmt":"2026-01-24T04:31:41","slug":"o-mnie","status":"publish","type":"page","link":"http:\/\/4nurty.pl\/","title":{"rendered":"O mnie"},"content":{"rendered":"<h5>\u00a0<\/h5>\n<h5 style=\"font-family: Roboto, sans-serif; color: #2d3748;\">Dzie\u0144 dobry,<\/h5>\n<p style=\"font-family: Roboto, sans-serif; color: #2d3748;\">Nazywam si\u0119 <strong>Ma\u0142gorzata W\u00f3jcik<\/strong> i jestem mgr Psychotraumatologii.\u00a0<br \/>Pracuj\u0119 z\u00a0 osobami doros\u0142ymi do\u015bwiadczaj\u0105cymi kryzys\u00f3w \u017cyciowych, zespo\u0142u stresu pourazowego, stan\u00f3w l\u0119kowych, fobii, epizod\u00f3w depresyjnych, trudno\u015bci w relacjach. Wspieram osoby prze\u017cywaj\u0105ce strat\u0119 po \u015bmierci bliskiej osoby lub po rozstaniu.\u00a0Z empati\u0105 i cierpliwo\u015bci\u0105 pomagam osobom wysoce wra\u017cliwym odzyska\u0107 wewn\u0119trzny spok\u00f3j i r\u00f3wnowag\u0119.\u00a0<\/p>\n<p style=\"margin-bottom: 32px;\">W pracy wykorzystuj\u0119 pe\u0142n\u0105 wiedz\u0119 psychologiczn\u0105, jej r\u00f3\u017cne podej\u015bcia i metody. Dob\u00f3r najefektywniejszych metod i technik ma na celu uwolnienie cierpi\u0105cej osoby od r\u00f3\u017cnych zaburze\u0144 emocjonalnych i psychicznych. Najwa\u017cniejszy jest efekt ko\u0144cowy i u\u015bmiech na twarzy osoby ko\u0144cz\u0105cej cykl spotka\u0144. Pracuj\u0119 stacjonarnie we Wroc\u0142awiu oraz online.<\/p>\n<p style=\"margin-bottom: 32px;\">W mojej praktyce \u0142\u0105cz\u0119 takie podej\u015bcia terapeutyczne jak:<\/p>\n<ul style=\"margin: 0cm 0px 32px;\" type=\"disc\">\n<li>metod\u0119\u00a0dr E. Yagera, to narz\u0119dzie transformacji, kt\u00f3re skutecznie dociera do przekona\u0144,<br \/>g\u0142\u0119bokich blokad i je skutecznie usuwa bez potrzeby wracania do trudnych\u00a0prze\u017cy\u0107,<\/li>\n<li>metod\u0119\u00a0EMDR, to odwra\u017cliwianie za pomoc\u0105 ruchu ga\u0142ek ocznych,<\/li>\n<li>Metod\u0119 EFT, wykorzystuj\u0119 do regulacji emocji, wywo\u0142anych bod\u017acami stresowymi. EFT jest sposobem przywracania organizmu do stanu harmonii. Od napi\u0119\u0107 w ciele do spokoju.<\/li>\n<\/ul>\n<p style=\"margin-bottom: 32px;\">\u00a0 \u00a0 Zapraszam serdecznie do zak\u0142adki <a href=\"https:\/\/4nurty.pl\/?page_id=398\">Kontakt<\/a>, jestem gotowa by Ci pom\u00f3c.\u00a0<\/p>\n<p style=\"margin-bottom: 32px;\">\u00a0<\/p>\n\n\n<p><\/p>\n","protected":false},"excerpt":{"rendered":"<p>\u00a0 Dzie\u0144 dobry, Nazywam si\u0119 Ma\u0142gorzata W\u00f3jcik i jestem mgr Psychotraumatologii.\u00a0Pracuj\u0119 z\u00a0 osobami doros\u0142ymi do\u015bwiadczaj\u0105cymi kryzys\u00f3w \u017cyciowych, zespo\u0142u stresu pourazowego, stan\u00f3w l\u0119kowych, fobii, epizod\u00f3w depresyjnych, trudno\u015bci w relacjach. Wspieram osoby prze\u017cywaj\u0105ce strat\u0119 po \u015bmierci bliskiej osoby lub po rozstaniu.\u00a0Z empati\u0105 i cierpliwo\u015bci\u0105 pomagam osobom wysoce wra\u017cliwym odzyska\u0107 wewn\u0119trzny spok\u00f3j i r\u00f3wnowag\u0119.\u00a0 W pracy wykorzystuj\u0119 pe\u0142n\u0105&#8230;<\/p>\n","protected":false},"author":1,"featured_media":0,"parent":0,"menu_order":0,"comment_status":"closed","ping_status":"closed","template":"","meta":{"_acf_changed":false,"_bbp_topic_count":0,"_bbp_reply_count":0,"_bbp_total_topic_count":0,"_bbp_total_reply_count":0,"_bbp_voice_count":0,"_bbp_anonymous_reply_count":0,"_bbp_topic_count_hidden":0,"_bbp_reply_count_hidden":0,"_bbp_forum_subforum_count":0,"_kadence_starter_templates_imported_post":false,"_kad_post_transparent":"default","_kad_post_title":"show","_kad_post_layout":"normal","_kad_post_sidebar_id":"","_kad_post_content_style":"unboxed","_kad_post_vertical_padding":"hide","_kad_post_feature":"hide","_kad_post_feature_position":"","_kad_post_header":false,"_kad_post_footer":false,"footnotes":""},"class_list":["post-396","page","type-page","status-publish","hentry"],"acf":[],"jetpack_sharing_enabled":true,"_links":{"self":[{"href":"http:\/\/4nurty.pl\/index.php?rest_route=\/wp\/v2\/pages\/396","targetHints":{"allow":["GET"]}}],"collection":[{"href":"http:\/\/4nurty.pl\/index.php?rest_route=\/wp\/v2\/pages"}],"about":[{"href":"http:\/\/4nurty.pl\/index.php?rest_route=\/wp\/v2\/types\/page"}],"author":[{"embeddable":true,"href":"http:\/\/4nurty.pl\/index.php?rest_route=\/wp\/v2\/users\/1"}],"replies":[{"embeddable":true,"href":"http:\/\/4nurty.pl\/index.php?rest_route=%2Fwp%2Fv2%2Fcomments&post=396"}],"version-history":[{"count":14,"href":"http:\/\/4nurty.pl\/index.php?rest_route=\/wp\/v2\/pages\/396\/revisions"}],"predecessor-version":[{"id":659,"href":"http:\/\/4nurty.pl\/index.php?rest_route=\/wp\/v2\/pages\/396\/revisions\/659"}],"wp:attachment":[{"href":"http:\/\/4nurty.pl\/index.php?rest_route=%2Fwp%2Fv2%2Fmedia&parent=396"}],"curies":[{"name":"wp","href":"https:\/\/api.w.org\/{rel}","templated":true}]}}