{"id":394,"date":"2025-09-15T21:50:14","date_gmt":"2025-09-15T19:50:14","guid":{"rendered":"https:\/\/4nurty.pl\/?page_id=394"},"modified":"2026-01-24T06:48:28","modified_gmt":"2026-01-24T05:48:28","slug":"oferta","status":"publish","type":"page","link":"http:\/\/4nurty.pl\/?page_id=394","title":{"rendered":"Oferta"},"content":{"rendered":"\n<p>Je\u015bli obecnie prze\u017cywasz trudne chwile, nie radzisz sobie z nat\u0142okiem my\u015bli, l\u0119kami, depresj\u0105 czy nisk\u0105 samoocen\u0105, nic Ci nie wychodzi i nie wiesz, w kt\u00f3r\u0105 stron\u0119 ruszy\u0107, to jeste\u015b w dobrym miejscu. <\/p>\n\n\n\n<p>Jestem tu i mog\u0119 Ci pom\u00f3c w rozwi\u0105zaniu Twoich obecnych problem\u00f3w oraz nauczy\u0107 Ci\u0119 samodzielnie rozwi\u0105zywa\u0107 to co nadejdzie w przysz\u0142o\u015bci. Techniki EFT mo\u017cesz nauczy\u0107 si\u0119 sam\/a poda\u0142am do strony tw\u00f3rcy techniki link w zak\u0142adce: O mnie.<\/p>\n\n\n\n<p>Podczas naszej wsp\u00f3lnej pracy i nauki b\u0119d\u0119 Ci\u0119 wspiera\u0107. Pomog\u0119 Ci uwolni\u0107 si\u0119 od nat\u0142oku my\u015bli i l\u0119k\u00f3w. Pomog\u0119 Ci odnale\u017a\u0107 cele i w\u0142asn\u0105 drog\u0119. Je\u015bli pozwolisz b\u0119d\u0119 Ci towarzyszy\u0107 w Twojej zmianie. Je\u015bli otworzysz si\u0119 na nowe do\u015bwiadczenia i pojawiaj\u0105ce si\u0119 wyzwania zgodne z Twoimi mo\u017cliwo\u015bciami i wytyczonymi celami, i je\u015bli jeste\u015b gotowa\/y podj\u0105\u0107 trud tej pracy ze sob\u0105, to zadzwo\u0144. Pracuj\u0105c ze mn\u0105 nauczysz si\u0119 wielu technik i sam\/a w przysz\u0142o\u015bci b\u0119dziesz m\u00f3g\u0142\/a pracowa\u0107 ze sob\u0105. Tylko Ty sam, Ty sama mo\u017cesz dokona\u0107 zmiany w Swoim w\u0142asnym \u017cyciu. Nikt za Ciebie tego nie zrobi. Wiem, \u017ce to jest trudne. Chcesz zmiany, ale zawsze pojawia si\u0119 co\u015b wa\u017cniejszego ni\u017c chwila dla siebie, czy wgl\u0105d w siebie. No i ten pojawiaj\u0105cy si\u0119 ogromny l\u0119k przed zmian\u0105 i jaki\u015b nieokre\u015blony niepok\u00f3j w ciele. Co z tym zrobi\u0107? <\/p>\n\n\n\n<p>Zr\u00f3b pierwszy krok. B\u0105d\u017a przez chwil\u0119 ze sob\u0105 szczery\/a i pomy\u015bl: <\/p>\n\n\n\n<p>Czego chc\u0119? Co mi przeszkadza? Co mog\u0119 zrobi\u0107 sam\/sama? Czy sobie poradz\u0119. Czy na pocz\u0105tku drogi potrzebuj\u0119 wsparcia? <\/p>\n\n\n\n<p>A wi\u0119c zdecyduj i wybierz to co jest dla Ciebie wa\u017cne. Zastan\u00f3w si\u0119 czego potrzebujesz, czego chcesz, do czego d\u0105\u017cysz. <\/p>\n\n\n\n<p>Mo\u017cesz sam\/a zmaga\u0107 si\u0119 z problemami, ale mo\u017cesz sobie pom\u00f3c i przy\u015bpieszy\u0107 ten proces. Mo\u017cesz zadzwoni\u0107, a ja z uwag\u0105 Ci\u0119 wys\u0142ucham i pomog\u0119 w pouk\u0142adaniu sk\u0142\u0119bionych my\u015bli i odkryciu utkni\u0119tych emocji w ciele oraz ich uwolnieniu na sta\u0142e.<\/p>\n\n\n\n<p>Zapraszam Ci\u0119 do rozmowy i do wst\u0119pnej konsultacji, na kt\u00f3rej mo\u017cemy wzajemnie si\u0119 pozna\u0107. Om\u00f3wimy nurtuj\u0105ce Ci\u0119 sprawy i ustalimy ewentualny plan pracy. Konsultacja wst\u0119pna trwaj\u0105ca do 60 minut jest p\u0142atna 100,00 z\u0142.<\/p>\n\n\n\n<p>Proponuj\u0119 r\u00f3\u017cne formy pracy, z kt\u00f3rych mo\u017cna wybra\u0107:<\/p>\n\n\n\n<p>Spotkanie wspieraj\u0105ce, praca nad przekonaniami, wzorcami, schematami i blokadami metod\u0105 EFT trwaj\u0105ce 60 minut to koszt 250,00 z\u0142. W tym nauka techniki EFT i szybki kurs jak pracowa\u0107 z emocjami. W ofercie jest te\u017c przewidziany pakiet 3 spotka\u0144 wspieraj\u0105cych p\u0142atnych z g\u00f3ry 700,00 z\u0142 <\/p>\n\n\n\n<p>Prac\u0119 nad odbudow\u0105 odporno\u015bci psychicznej, uwolnienie traum, przekona\u0144, wzorc\u00f3w. Takie spotkanie mo\u017ce jednorazowo trwa\u0107 od 90 do 110 minut. To b\u0119dzie praca Metod\u0105 E. Yagera i jest p\u0142atne za jedno spotkanie 350,00 z\u0142. W ofercie jest przewidziany pakiet 3 spotka\u0144 p\u0142atne z g\u00f3ry 900,00z\u0142<br><\/p>\n\n\n\n<p>Zmiana, kt\u00f3rej mo\u017cesz oczekiwa\u0107 wymaga od 1 do kilku spotka\u0144 pracy terapeutycznej. Dokonaj wyboru. Pozdrawiam Ci\u0119 serdecznie. Ma\u0142gorzata W\u00f3jcik<\/p>\n\n\n\n<figure class=\"wp-block-image size-large is-resized\"><img decoding=\"async\" src=\"http:\/\/4nurty.pl\/wp-content\/uploads\/2025\/09\/w-gabinecie-963x1024.jpg\" alt=\"\" class=\"wp-image-102\" style=\"aspect-ratio:0.9404449050597772;width:392px;height:auto\"\/><\/figure>\n\n\n\n<p><\/p>\n","protected":false},"excerpt":{"rendered":"<p>Je\u015bli obecnie prze\u017cywasz trudne chwile, nie radzisz sobie z nat\u0142okiem my\u015bli, l\u0119kami, depresj\u0105 czy nisk\u0105 samoocen\u0105, nic Ci nie wychodzi i nie wiesz, w kt\u00f3r\u0105 stron\u0119 ruszy\u0107, to jeste\u015b w dobrym miejscu. Jestem tu i mog\u0119 Ci pom\u00f3c w rozwi\u0105zaniu Twoich obecnych problem\u00f3w oraz nauczy\u0107 Ci\u0119 samodzielnie rozwi\u0105zywa\u0107 to co nadejdzie w przysz\u0142o\u015bci. Techniki EFT&#8230;<\/p>\n","protected":false},"author":1,"featured_media":0,"parent":0,"menu_order":0,"comment_status":"closed","ping_status":"closed","template":"","meta":{"_acf_changed":false,"_bbp_topic_count":0,"_bbp_reply_count":0,"_bbp_total_topic_count":0,"_bbp_total_reply_count":0,"_bbp_voice_count":0,"_bbp_anonymous_reply_count":0,"_bbp_topic_count_hidden":0,"_bbp_reply_count_hidden":0,"_bbp_forum_subforum_count":0,"_kadence_starter_templates_imported_post":false,"_kad_post_transparent":"","_kad_post_title":"","_kad_post_layout":"","_kad_post_sidebar_id":"","_kad_post_content_style":"","_kad_post_vertical_padding":"","_kad_post_feature":"","_kad_post_feature_position":"","_kad_post_header":false,"_kad_post_footer":false,"footnotes":""},"class_list":["post-394","page","type-page","status-publish","hentry"],"acf":[],"jetpack_sharing_enabled":true,"_links":{"self":[{"href":"http:\/\/4nurty.pl\/index.php?rest_route=\/wp\/v2\/pages\/394","targetHints":{"allow":["GET"]}}],"collection":[{"href":"http:\/\/4nurty.pl\/index.php?rest_route=\/wp\/v2\/pages"}],"about":[{"href":"http:\/\/4nurty.pl\/index.php?rest_route=\/wp\/v2\/types\/page"}],"author":[{"embeddable":true,"href":"http:\/\/4nurty.pl\/index.php?rest_route=\/wp\/v2\/users\/1"}],"replies":[{"embeddable":true,"href":"http:\/\/4nurty.pl\/index.php?rest_route=%2Fwp%2Fv2%2Fcomments&post=394"}],"version-history":[{"count":13,"href":"http:\/\/4nurty.pl\/index.php?rest_route=\/wp\/v2\/pages\/394\/revisions"}],"predecessor-version":[{"id":658,"href":"http:\/\/4nurty.pl\/index.php?rest_route=\/wp\/v2\/pages\/394\/revisions\/658"}],"wp:attachment":[{"href":"http:\/\/4nurty.pl\/index.php?rest_route=%2Fwp%2Fv2%2Fmedia&parent=394"}],"curies":[{"name":"wp","href":"https:\/\/api.w.org\/{rel}","templated":true}]}}